{"id":4160,"date":"2022-01-17T09:37:39","date_gmt":"2022-01-17T07:37:39","guid":{"rendered":"https:\/\/goldenskrab.com\/?post_type=product&#038;p=4160"},"modified":"2022-01-19T09:44:10","modified_gmt":"2022-01-19T07:44:10","slug":"%d1%80%d1%83%d1%81%d1%81%d0%ba%d0%b8%d0%b9-nou-body-scrub-pe-baza-de-seminte-de-struguri-moldova","status":"publish","type":"product","link":"https:\/\/goldenskrab.com\/ru\/catalog\/%d1%80%d1%83%d1%81%d1%81%d0%ba%d0%b8%d0%b9-nou-body-scrub-pe-baza-de-seminte-de-struguri-moldova","title":{"rendered":"(Rom\u00e2n\u0103) NOU! BODY SCRUB pe baz\u0103 de semin\u021be de struguri Moldova"},"content":{"rendered":"<p>Semin\u021bele de struguri v\u0103 vor ajuta pielea s\u0103 r\u0103m\u00e2n\u0103 t\u00e2n\u0103r\u0103 \u0219i s\u0103n\u0103toas\u0103, deoarece con\u021bin colagen \u0219i resveratrol, elemente care sunt considerate cheie \u00een frumuse\u021be, av\u00e2nd efecte ca:<\/p>\n<ol>\n<li>Stimularea regener\u0103rii celular\u0103 \u0219i sinteza colagenului.<\/li>\n<li>Combate celulita \u0219i sigilii pe piele.<\/li>\n<li>Efecte antiinflamatori.<\/li>\n<li>Cre\u0219terea nivelul de hidratare a pielii, ajut\u00e2nd la \u00eent\u0103rirea mantalei lipidice, cre\u00e2nd o barier\u0103 protectoare.<\/li>\n<\/ol>\n<p>Semin\u021bele strugurilor Moldova, con\u021bin cel mai puternic antioxidant resveratrol \u2013 mult mai puternic dec\u00e2t vitaminele C \u0219i E.<br \/>\nElementele care alc\u0103tuiesc semin\u021bele de struguri activeaz\u0103 produc\u021bia de colagen, \u00eent\u0103resc celulele pielii, \u00eei confer\u0103 elasticitate \u0219i o hidrateaz\u0103. \u00cen plus, datorit\u0103 acestor propriet\u0103\u021bi, semin\u021bele de struguri vor deveni \u201echeia\u201d ta pentru frumuse\u021be, deoarece nu numai c\u0103 te vor face proprietarul unei pielii frumoase \u0219i tinere, ci \u0219i are un puternic efect antioxidant.<\/p>\n","protected":false},"excerpt":{"rendered":"<p>Semin\u021bele de struguri v\u0103 vor ajuta pielea s\u0103 r\u0103m\u00e2n\u0103 t\u00e2n\u0103r\u0103 \u0219i s\u0103n\u0103toas\u0103, deoarece con\u021bin colagen \u0219i resveratrol, elemente care sunt considerate cheie \u00een frumuse\u021be, av\u00e2nd efecte ca: Stimularea regener\u0103rii celular\u0103 \u0219i sinteza colagenului. Combate celulita \u0219i sigilii pe piele. Efecte antiinflamatori. Cre\u0219terea nivelul de hidratare a pielii, ajut\u00e2nd la \u00eent\u0103rirea mantalei lipidice, cre\u00e2nd o barier\u0103 [&hellip;]<\/p>\n","protected":false},"featured_media":4161,"template":"","meta":[],"class_list":["post-4160","product","type-product","status-publish","has-post-thumbnail","hentry","product_cat-corp","product_cat-oferte"],"_links":{"self":[{"href":"https:\/\/goldenskrab.com\/ru\/wp-json\/wp\/v2\/product\/4160","targetHints":{"allow":["GET"]}}],"collection":[{"href":"https:\/\/goldenskrab.com\/ru\/wp-json\/wp\/v2\/product"}],"about":[{"href":"https:\/\/goldenskrab.com\/ru\/wp-json\/wp\/v2\/types\/product"}],"wp:featuredmedia":[{"embeddable":true,"href":"https:\/\/goldenskrab.com\/ru\/wp-json\/wp\/v2\/media\/4161"}],"wp:attachment":[{"href":"https:\/\/goldenskrab.com\/ru\/wp-json\/wp\/v2\/media?parent=4160"}],"curies":[{"name":"wp","href":"https:\/\/api.w.org\/{rel}","templated":true}]}}